{"id":1775,"date":"2022-04-08T10:34:40","date_gmt":"2022-04-08T03:34:40","guid":{"rendered":"https:\/\/www.uri.com.vn\/?post_type=product&#038;p=1775"},"modified":"2022-04-10T11:50:49","modified_gmt":"2022-04-10T04:50:49","slug":"keo-thoi-cho-may-dan-canh-holzher","status":"publish","type":"product","link":"https:\/\/www.uri.com.vn\/en\/product\/keo-thoi-cho-may-dan-canh-holzher\/","title":{"rendered":"KEO TH\u1eceI cho m\u00e1y d\u00e1n c\u1ea1nh HOLZHER"},"content":{"rendered":"","protected":false},"excerpt":{"rendered":"<p><span style=\"vertical-align: inherit;\"><strong>M\u00e1y d\u00e1n c\u1ea1nh Holzer<\/strong> s\u1eed d\u1ee5ng <strong>keo th\u1ecfi d\u00e1n c\u1ea1nh<\/strong>, c\u00f3 \u0111i\u1ec3m \u01b0u \u0111i\u1ec3m tuy\u1ec7t v\u1eddi l\u00e0 s\u1eed d\u1ee5ng r\u1ea5t ti\u1ebft ki\u1ec7m keo, nh\u1edd \u0111\u00f3 gi\u1ea3m gi\u00e1 th\u00e0nh keo s\u1eed d\u1ee5ng tr\u00ean m\u1ed9t \u0111\u01a1n v\u1ecb s\u1ea3n ph\u1ea9m, gi\u00fap gi\u1ea3m gi\u00e1 th\u00e0nh s\u1ea3n ph\u1ea9m, l\u00e0m t\u0103ng s\u1ee9c c\u1ea1nh tranh so v\u1edbi c\u00e1c \u0111\u1ed1i th\u1ee7 tr\u00ean tr\u01b0\u1eddng. <strong>Keo th\u1ecfi d\u00e1n c\u1ea1nh m\u00e1y Holzer<\/strong> c\u00f2n h\u1ea1n ch\u1ebf t\u00ecnh tr\u1ea1ng keo b\u1ecb nh\u00e2y ra khu v\u1ef1c con l\u0103n keo ho\u1eb7c c\u00e1c b\u1ed9 ph\u1eadn kh\u00e1c c\u1ee7a m\u00e1y.\u00a0 Vi\u1ec7c n\u00e0y v\u1eeba ti\u1ebft ki\u1ec7m k\u00e9o l\u1ea1i v\u1eeba ti\u1ebft ki\u1ec7m nh\u00e2n c\u00f4ng t\u1ea9y r\u1eeda k\u00e9o tr\u00ean m\u00e1y v\u00e0 v\u00e1n trong qu\u00e1 tr\u00ecnh s\u1ea3n xu\u1ea5t.<\/span><\/p>\n<p><span style=\"vertical-align: inherit;\"><strong>M\u00e1y d\u00e1n c\u1ea1nh Holzer<\/strong> c\u00f3 thi\u1ebft k\u1ebf \u0111\u1eb7c bi\u1ec7t \u0111\u1ec3 s\u1eed d\u1ee5ng <strong><em>keo th\u1ecfi d\u00e1n c\u1ea1nh<\/em><\/strong>, n\u00f3 c\u00f3 th\u1ec3 s\u1eed d\u1ee5ng <strong>keo h\u1ea1t d\u00e1n c\u1ea1nh<\/strong>, tuy nhi\u00ean khi \u0111\u00f3 m\u00e1y s\u1ebd kh\u00f4ng ph\u00e1t huy h\u1ebft \u0111i\u1ec3m \u01b0u \u0111i\u1ec3m c\u1ee7a m\u00ecnh. Do \u0111\u00f3, khi s\u1eed d\u1ee5ng m\u00e1y d\u00e1n c\u1ea1nh Holzer\u00a0 th\u00ec c\u1ea7n \u01b0u ti\u00ean d\u00f9ng keo th\u1ecfi d\u00e1n c\u1ea1nh \u0111\u1ec3 t\u1ed1i \u01b0u chi ph\u00ed s\u1ea3n xu\u1ea5t.<\/span><\/p>\n","protected":false},"featured_media":1783,"template":"","meta":[],"_links":{"self":[{"href":"https:\/\/www.uri.com.vn\/en\/wp-json\/wp\/v2\/product\/1775"}],"collection":[{"href":"https:\/\/www.uri.com.vn\/en\/wp-json\/wp\/v2\/product"}],"about":[{"href":"https:\/\/www.uri.com.vn\/en\/wp-json\/wp\/v2\/types\/product"}],"wp:featuredmedia":[{"embeddable":true,"href":"https:\/\/www.uri.com.vn\/en\/wp-json\/wp\/v2\/media\/1783"}],"wp:attachment":[{"href":"https:\/\/www.uri.com.vn\/en\/wp-json\/wp\/v2\/media?parent=1775"}],"curies":[{"name":"wp","href":"https:\/\/api.w.org\/{rel}","templated":true}]}}