{"id":1579,"date":"2019-09-26T01:30:44","date_gmt":"2019-09-25T18:30:44","guid":{"rendered":"http:\/\/www.livingdalat.com\/?post_type=product&#038;p=1579"},"modified":"2022-04-10T12:00:30","modified_gmt":"2022-04-10T05:00:30","slug":"keo-eva-nong-chay-cho-may-dan-canh","status":"publish","type":"product","link":"https:\/\/www.uri.com.vn\/en\/product\/keo-eva-nong-chay-cho-may-dan-canh\/","title":{"rendered":"EVA Hotmelt for Edgebanding machine"},"content":{"rendered":"","protected":false},"excerpt":{"rendered":"<p><strong><span style=\"vertical-align: inherit;\">Keo d\u00e1n c\u1ea1nh Kleiberit c\u00f3\u00a0<\/span><\/strong><span style=\"vertical-align: inherit;\"> \u00a0nh\u1eefng \u0111\u1eb7c \u0111i\u1ec3m n\u1ed5i b\u1eadt h\u01a1n h\u1eb3n v\u1edbi nh\u1eefng lo\u1ea1i keo th\u01b0\u1eddng: <\/span><br \/>\n<span style=\"vertical-align: inherit;\">&#8211; \u0110\u1ed9 b\u00e1m c\u1ee7a k\u1ebft n\u1ed1i t\u1ed1t, b\u1ea3o tr\u00ec theo th\u1eddi gian. <\/span><br \/>\n<span style=\"vertical-align: inherit;\">&#8211; Ch\u1ecbu \u0111\u01b0\u1ee3c nhi\u1ec7t \u0111\u1ed9 cao, kh\u00f4ng b\u1ecb bong tr\u00f3c khi ch\u1ecbu t\u00e1c \u0111\u1ed9ng c\u1ee7a nhi\u1ec7t \u0111\u1ed9 b\u00ean ngo\u00e0i, s\u1ea3n ph\u1ea9m c\u00f3 th\u1ec3 \u0111\u01b0\u1ee3c s\u1eed d\u1ee5ng trong nhi\u1ec1u \u0111i\u1ec1u ki\u1ec7n m\u00f4i tr\u01b0\u1eddng kh\u00e1c nhau. <\/span><br \/>\n<span style=\"vertical-align: inherit;\">&#8211; m\u00e0u s\u1eafc keo ph\u00f9 h\u1ee3p v\u1edbi nhi\u1ec1u b\u1ec1 m\u1eb7t, \u0111\u1ea3m b\u1ea3o th\u1ea9m m\u1ef9 khi kh\u00f4ng l\u00e0m l\u1ed9 \u0111\u01b0\u1eddng d\u00e1n.<\/span><\/p>\n<p><span style=\"vertical-align: inherit;\"><strong>C\u00f4ng ty TNHH TM URI<\/strong> ph\u00e2n ph\u1ed1i c\u00e1c lo\u1ea1i <strong>keo<\/strong><\/span><strong><span style=\"vertical-align: inherit;\">\u00a0d\u00e1n c\u1ea1nh Kleiberit\u00a0<\/span><\/strong><span style=\"vertical-align: inherit;\"> \u00a0nh\u01b0 sau:<\/span><\/p>\n<p><span style=\"vertical-align: inherit;\">&#8211; <strong><em>Keo d\u00e1n c\u1ea1nh nhi\u1ec7t \u0111\u1ed9 cao m\u00e0u v\u00e0ng trong 180 &#8211; 200 \u0111\u1ed9 C <\/em><\/strong><\/span><br \/>\n<strong><em><span style=\"vertical-align: inherit;\">&#8211; Keo d\u00e1n c\u1ea1nh nhi\u1ec7t \u0111\u1ed9 cao m\u00e0u tr\u1eafng 180 &#8211; 200 \u0111\u1ed9<\/span><\/em><\/strong><\/p>\n<p><strong><em><span style=\"vertical-align: inherit;\">-H\u1ea1t v\u1ec7 sinh n\u1ed3i keo m\u00e1y d\u00e1n c\u1ea1nh<\/span><\/em><\/strong><\/p>\n<p><strong><span style=\"vertical-align: inherit;\">Keo d\u00e1n c\u1ea1nh Kleiberit\u00a0<\/span><\/strong><span style=\"vertical-align: inherit;\"> \u00a0l\u00e0 s\u1ea3n ph\u1ea9m th\u01b0\u01a1ng hi\u1ec7u \u0110\u1ee9c, v\u1edbi nhi\u1ec1u \u01b0u \u0111i\u1ec3m nh\u01b0: <\/span><br \/>\n<span style=\"vertical-align: inherit;\">&#8211; \u0110\u1ed9 b\u00e1m t\u1ed1t, ch\u1ecbu nhi\u1ec7t \u0111\u1ed9 cao kh\u00f4ng b\u1ecb bong m\u1ed1i m\u1ecdt khi ch\u1ecbu t\u00e1c \u0111\u1ed9ng c\u1ee7a m\u00f4i tr\u01b0\u1eddng b\u00ean ngo\u00e0i nh\u01b0 n\u1eafng hay \u0111\u1ec3 g\u1ea7n ngu\u1ed3n nhi\u1ec7t nh\u01b0 b\u1ebfp, l\u00f2\u2026 <\/span><br \/>\n<span style=\"vertical-align: inherit;\">&#8211; M\u00e0u s\u1eafc nh\u1eb9 nh\u00e0ng kh\u00f4ng l\u00e0m l\u1ed9 \u0111\u01b0\u1eddng khi d\u00e1n<\/span><\/p>\n","protected":false},"featured_media":1580,"template":"","meta":[],"_links":{"self":[{"href":"https:\/\/www.uri.com.vn\/en\/wp-json\/wp\/v2\/product\/1579"}],"collection":[{"href":"https:\/\/www.uri.com.vn\/en\/wp-json\/wp\/v2\/product"}],"about":[{"href":"https:\/\/www.uri.com.vn\/en\/wp-json\/wp\/v2\/types\/product"}],"wp:featuredmedia":[{"embeddable":true,"href":"https:\/\/www.uri.com.vn\/en\/wp-json\/wp\/v2\/media\/1580"}],"wp:attachment":[{"href":"https:\/\/www.uri.com.vn\/en\/wp-json\/wp\/v2\/media?parent=1579"}],"curies":[{"name":"wp","href":"https:\/\/api.w.org\/{rel}","templated":true}]}}