{"id":1271,"date":"2019-09-09T20:26:09","date_gmt":"2019-09-09T13:26:09","guid":{"rendered":"http:\/\/www.livingdalat.com\/vi\/?post_type=product&#038;p=1271"},"modified":"2019-10-21T23:50:47","modified_gmt":"2019-10-21T16:50:47","slug":"z400-m","status":"publish","type":"product","link":"https:\/\/www.uri.com.vn\/en\/product\/z400-m\/","title":{"rendered":"ROBLAND Z400 M &#8211; Sliding table machine"},"content":{"rendered":"<p><strong>TH\u00d4NG S\u1ed0 K\u0128 THU\u1eacT<\/strong><\/p>\n<ol>\n<li>\n<table>\n<tbody>\n<tr>\n<td colspan=\"2\" width=\"623\"><strong>1.\u00a0\u00a0\u00a0\u00a0 <\/strong><strong>B\u1ed8 PH\u1eacN C\u1eaeT CH\u00cdNH:<\/strong><\/td>\n<\/tr>\n<tr>\n<td width=\"312\">Chi\u00ea\u0300u da\u0300i c\u0103\u0301t t\u00f4\u0301i \u0111a<\/td>\n<td width=\"312\">3200 mm<\/td>\n<\/tr>\n<tr>\n<td width=\"312\">\u0110\u01b0\u01a1\u0300ng ki\u0301nh l\u01a1\u0301n nh\u00e2\u0301t cu\u0309a l\u01b0\u01a1\u0303i c\u0103\u0301t chi\u0301nh<\/td>\n<td width=\"312\">Max. \u00d8400 (l\u1ed7 tr\u1ee5c d30) mm<\/td>\n<\/tr>\n<tr>\n<td width=\"312\">B\u00ea\u0300 da\u0300y c\u0103\u0301t t\u00f4\u0301i \u0111a<\/td>\n<td width=\"312\">120 mm<\/td>\n<\/tr>\n<tr>\n<td width=\"312\">Go\u0301c nghi\u00eang l\u01b0\u01a1\u0303i<\/td>\n<td width=\"312\">0 &#8211; 45\u00ba<\/td>\n<\/tr>\n<tr>\n<td width=\"312\">T\u00f4\u0301c \u0111\u00f4\u0323 quay cu\u0309a l\u01b0\u01a1\u0303i chi\u0301nh<\/td>\n<td width=\"312\">3000\/4000\/5000 v\u00f2ng\/ph\u00fat<\/td>\n<\/tr>\n<tr>\n<td width=\"312\">C\u00f4ng su\u00e2\u0301t \u0111\u00f4\u0323ng c\u01a1 chi\u0301nh<\/td>\n<td width=\"312\">7 kW<\/td>\n<\/tr>\n<tr>\n<td colspan=\"2\" width=\"623\"><strong>2.\u00a0\u00a0\u00a0\u00a0 <\/strong><strong>B\u1ed8 PH\u1eacN C\u1eaeT M\u1ed2I:<\/strong><\/td>\n<\/tr>\n<tr>\n<td width=\"312\">T\u00f4\u0301c \u0111\u00f4\u0323 l\u01b0\u01a1\u0303i c\u0103\u0301t m\u1ed3i<\/td>\n<td width=\"312\">8200 v\u00f2ng\/ph\u00fat<\/td>\n<\/tr>\n<tr>\n<td width=\"312\">Ki\u0301ch th\u01b0\u01a1c l\u01b0\u01a1\u0303i c\u0103\u0301t m\u1ed3i<\/td>\n<td width=\"312\">\u00d8120 (l\u1ed7 tr\u1ee5c d20) mm<\/td>\n<\/tr>\n<tr>\n<td width=\"312\">B\u1ec1 d\u00e0y c\u1eaft t\u1ed1i \u0111a<\/td>\n<td width=\"312\">3.5 mm<\/td>\n<\/tr>\n<tr>\n<td width=\"312\">C\u00f4ng su\u00e2\u0301t \u0111\u00f4\u0323ng c\u01a1 c\u0103\u0301t m\u1ed3i<\/td>\n<td width=\"312\">1.3 kW<\/td>\n<\/tr>\n<tr>\n<td width=\"312\">\u0110i\u00ea\u0323n a\u0301p cung c\u00e2\u0301p<\/td>\n<td width=\"312\">380V, 3 pha, 50Hz<\/td>\n<\/tr>\n<\/tbody>\n<\/table>\n<\/li>\n<\/ol>\n","protected":false},"excerpt":{"rendered":"<p>TH\u00d4NG S\u1ed0 K\u0128 THU\u1eacT 1.\u00a0\u00a0\u00a0\u00a0 B\u1ed8 PH\u1eacN C\u1eaeT CH\u00cdNH: Chi\u00ea\u0300u da\u0300i c\u0103\u0301t t\u00f4\u0301i \u0111a 3200 mm \u0110\u01b0\u01a1\u0300ng ki\u0301nh l\u01a1\u0301n nh\u00e2\u0301t cu\u0309a l\u01b0\u01a1\u0303i c\u0103\u0301t chi\u0301nh Max. \u00d8400 (l\u1ed7 tr\u1ee5c d30) mm B\u00ea\u0300 da\u0300y c\u0103\u0301t t\u00f4\u0301i \u0111a 120 mm Go\u0301c nghi\u00eang l\u01b0\u01a1\u0303i 0 &#8211; 45\u00ba T\u00f4\u0301c \u0111\u00f4\u0323 quay cu\u0309a l\u01b0\u01a1\u0303i chi\u0301nh 3000\/4000\/5000 v\u00f2ng\/ph\u00fat C\u00f4ng su\u00e2\u0301t \u0111\u00f4\u0323ng c\u01a1 [&hellip;]<\/p>\n","protected":false},"featured_media":1557,"template":"","meta":[],"_links":{"self":[{"href":"https:\/\/www.uri.com.vn\/en\/wp-json\/wp\/v2\/product\/1271"}],"collection":[{"href":"https:\/\/www.uri.com.vn\/en\/wp-json\/wp\/v2\/product"}],"about":[{"href":"https:\/\/www.uri.com.vn\/en\/wp-json\/wp\/v2\/types\/product"}],"wp:featuredmedia":[{"embeddable":true,"href":"https:\/\/www.uri.com.vn\/en\/wp-json\/wp\/v2\/media\/1557"}],"wp:attachment":[{"href":"https:\/\/www.uri.com.vn\/en\/wp-json\/wp\/v2\/media?parent=1271"}],"curies":[{"name":"wp","href":"https:\/\/api.w.org\/{rel}","templated":true}]}}