{"id":1257,"date":"2019-09-09T20:07:08","date_gmt":"2019-09-09T13:07:08","guid":{"rendered":"http:\/\/www.livingdalat.com\/vi\/?post_type=product&#038;p=1257"},"modified":"2019-10-21T23:56:56","modified_gmt":"2019-10-21T16:56:56","slug":"drill-grinding-machine-bsg-20","status":"publish","type":"product","link":"https:\/\/www.uri.com.vn\/en\/product\/drill-grinding-machine-bsg-20\/","title":{"rendered":"Saw blades grinding machine SSG 600 A-DC"},"content":{"rendered":"<table>\n<tbody>\n<tr>\n<td><strong>M\u00c1Y M\u00c0I L\u01af\u1ee0I C\u01afA B\u00c1N T\u1ef0 \u0110\u1ed8NG &#8211; 100% NEW<\/strong><\/p>\n<p><strong>Nh\u00e3n hi\u1ec7u: KAINDL <\/strong><\/p>\n<p><strong>Model: SSG 600-A-DC<\/strong><\/p>\n<p><strong>Xu\u1ea5t x\u1eed: \u0110\u1ee9c (Germany) <\/strong><\/p>\n<p><strong><em><u>\u0110\u1eb6C T\u00cdNH M\u00c1Y :<\/u><\/em><\/strong><\/p>\n<p>M\u00e1y m\u00e0i \u0111\u01b0\u1ee3c t\u1ea5t c\u1ea3 c\u00e1c l\u1ecdai l\u01b0\u1ee1i c\u01b0a h\u1ee3p kim c\u00f3 c\u00e1c tham s\u1ed1 sau:<\/p>\n<p>&#8211; \u0110\u01b0\u1eddng k\u00ednh l\u01b0\u1ee1i c\u01b0a \u00a0\u00a0\u00a0\u00a0\u00a0 \u00a0\u00a0\u00a0\u00a0\u00a0\u00a0\u00a0t\u1eeb 100mm \u0111\u1ebfn 600mm<\/p>\n<p>&#8211; G\u00f3c tr\u01b0\u1edbc ch\u00ednh\u00a0\u00a0\u00a0\u00a0\u00a0\u00a0\u00a0\u00a0\u00a0\u00a0\u00a0\u00a0\u00a0 \u00a0\u00a0\u00a0\u00a0\u00a0\u00a0 t\u1eeb -8<sup>0<\/sup> \u0111\u1ebfn +25<sup>0<\/sup><\/p>\n<p>&#8211; G\u00f3c tr\u01b0\u1edbc ph\u1ee5\u00a0\u00a0\u00a0\u00a0\u00a0\u00a0\u00a0\u00a0\u00a0\u00a0\u00a0\u00a0\u00a0\u00a0\u00a0\u00a0 \u00a0\u00a0\u00a0\u00a0\u00a0\u00a0 t\u1eeb -15<sup>0<\/sup> \u0111\u1ebfn +15<sup>0<\/sup><\/p>\n<p>&#8211; G\u00f3c sau ch\u00ednh\u00a0\u00a0\u00a0\u00a0\u00a0\u00a0\u00a0\u00a0\u00a0\u00a0\u00a0\u00a0\u00a0\u00a0\u00a0\u00a0 \u00a0\u00a0\u00a0\u00a0\u00a0 \u00a0t\u1eeb 0<sup>0<\/sup> \u0111\u1ebfn +30<sup>0<\/sup><\/p>\n<p>&#8211; G\u00f3c sau ph\u1ee5\u00a0\u00a0\u00a0\u00a0\u00a0\u00a0\u00a0\u00a0\u00a0\u00a0\u00a0\u00a0\u00a0\u00a0\u00a0\u00a0\u00a0\u00a0\u00a0 \u00a0\u00a0\u00a0\u00a0\u00a0\u00a0 t\u1eeb -15<sup>0<\/sup> \u0111\u1ebfn +15<sup>0<\/sup><\/p>\n<p>&#8211; \u0110\u01b0\u1eddng k\u00ednh l\u1ed7 c\u1ee7a l\u01b0\u1ee1i : \u00a0\u00a0\u00a0\u00a0\u00a0 20\/22\/25\/30\/32\/35\/40\/<\/p>\n<p>50\/65\/70\/75\/80mm<\/p>\n<p>&nbsp;<\/p>\n<p>C\u00f4ng su\u1ea5t \u0111\u1ed9ng c\u01a1 :\u00a0\u00a0\u00a0 \u00a0\u00a0\u00a0\u00a0\u00a0\u00a0\u00a0 0,18KW, 380V\/3P<\/p>\n<p>Kh\u1ed1i l\u01b0\u1ee3ng m\u00e1y : \u00a0\u00a0\u00a0\u00a0\u00a0\u00a0 \u00a0\u00a0\u00a0\u00a0\u00a0\u00a0\u00a0\u00a0115Kg<\/p>\n<p>M\u00e1y \u0111\u01b0\u1ee3c trang b\u1ecb m\u00e0n h\u00ecnh \u0111i\u1ec7n t\u1eed, d\u1ec5 d\u00e0ng c\u00e0i \u0111\u1eb7t s\u1ed1 r\u0103ng c\u1ee7a l\u01b0\u1ee1i c\u01b0a, s\u1ed1 l\u1ea7n m\u00e0i tr\u00ean m\u1ed9t r\u0103ng, t\u1ef1 \u0111\u1ed9ng d\u1eebng l\u1ea1i sau khi h\u00f2an t\u1ea5t chu tr\u00ecnh m\u00e0i m\u1ed9t l\u01b0\u1ee1i.<\/p>\n<p><strong><em><u>\u00a0<\/u><\/em><\/strong><\/p>\n<p><strong><em><u>PH\u1ee4 KI\u1ec6N THEO M\u00c1Y:<\/u><\/em><\/strong><\/p>\n<p>&#8211; \u0110\u00e1 m\u00e0i kim c\u01b0\u01a1ng\u00a0 D76 \u00a0\u00a0\u00a0\u00a0\u00a0\u00a0\u00a0 Thin , D=150x16x5x3x20mm<\/td>\n<\/tr>\n<\/tbody>\n<\/table>\n<p><strong><em>(Item No. 10973)<\/em><\/strong><\/p>\n","protected":false},"excerpt":{"rendered":"<p>M\u00c1Y M\u00c0I L\u01af\u1ee0I C\u01afA B\u00c1N T\u1ef0 \u0110\u1ed8NG &#8211; 100% NEW Nh\u00e3n hi\u1ec7u: KAINDL Model: SSG 600-A-DC Xu\u1ea5t x\u1eed: \u0110\u1ee9c (Germany) \u0110\u1eb6C T\u00cdNH M\u00c1Y : M\u00e1y m\u00e0i \u0111\u01b0\u1ee3c t\u1ea5t c\u1ea3 c\u00e1c l\u1ecdai l\u01b0\u1ee1i c\u01b0a h\u1ee3p kim c\u00f3 c\u00e1c tham s\u1ed1 sau: &#8211; \u0110\u01b0\u1eddng k\u00ednh l\u01b0\u1ee1i c\u01b0a \u00a0\u00a0\u00a0\u00a0\u00a0 \u00a0\u00a0\u00a0\u00a0\u00a0\u00a0\u00a0t\u1eeb 100mm \u0111\u1ebfn 600mm &#8211; G\u00f3c tr\u01b0\u1edbc ch\u00ednh\u00a0\u00a0\u00a0\u00a0\u00a0\u00a0\u00a0\u00a0\u00a0\u00a0\u00a0\u00a0\u00a0 \u00a0\u00a0\u00a0\u00a0\u00a0\u00a0 [&hellip;]<\/p>\n","protected":false},"featured_media":1567,"template":"","meta":[],"_links":{"self":[{"href":"https:\/\/www.uri.com.vn\/en\/wp-json\/wp\/v2\/product\/1257"}],"collection":[{"href":"https:\/\/www.uri.com.vn\/en\/wp-json\/wp\/v2\/product"}],"about":[{"href":"https:\/\/www.uri.com.vn\/en\/wp-json\/wp\/v2\/types\/product"}],"wp:featuredmedia":[{"embeddable":true,"href":"https:\/\/www.uri.com.vn\/en\/wp-json\/wp\/v2\/media\/1567"}],"wp:attachment":[{"href":"https:\/\/www.uri.com.vn\/en\/wp-json\/wp\/v2\/media?parent=1257"}],"curies":[{"name":"wp","href":"https:\/\/api.w.org\/{rel}","templated":true}]}}